{"id":3392,"date":"2023-02-21T18:45:43","date_gmt":"2023-02-21T17:45:43","guid":{"rendered":"https:\/\/hblgroup.it\/about\/"},"modified":"2026-02-09T16:09:07","modified_gmt":"2026-02-09T15:09:07","slug":"about","status":"publish","type":"page","link":"https:\/\/hblgroup.it\/es\/about\/","title":{"rendered":"About"},"content":{"rendered":"\t\t<div data-elementor-type=\"wp-page\" data-elementor-id=\"3392\" class=\"elementor elementor-3392 elementor-900\" data-elementor-post-type=\"page\">\n\t\t\t\t<div class=\"elementor-element elementor-element-ceff46a e-flex e-con-boxed e-con e-parent\" data-id=\"ceff46a\" data-element_type=\"container\" data-e-type=\"container\" data-settings=\"{&quot;background_background&quot;:&quot;classic&quot;}\">\n\t\t\t\t\t<div class=\"e-con-inner\">\n\t\t\t\t\t<\/div>\n\t\t\t\t<\/div>\n\t\t<div class=\"elementor-element elementor-element-f6e84a5 e-con-full e-flex e-con e-parent\" data-id=\"f6e84a5\" data-element_type=\"container\" data-e-type=\"container\" data-settings=\"{&quot;background_background&quot;:&quot;classic&quot;}\">\n\t\t<div class=\"elementor-element elementor-element-63ea330 e-con-full e-flex e-con e-child\" data-id=\"63ea330\" data-element_type=\"container\" data-e-type=\"container\">\n\t\t\t\t<div class=\"elementor-element elementor-element-f6b8ecc elementor-widget elementor-widget-heading\" data-id=\"f6b8ecc\" data-element_type=\"widget\" data-e-type=\"widget\" data-widget_type=\"heading.default\">\n\t\t\t\t<div class=\"elementor-widget-container\">\n\t\t\t\t\t<h1 class=\"elementor-heading-title elementor-size-default\">About<\/h1>\t\t\t\t<\/div>\n\t\t\t\t<\/div>\n\t\t\t\t<\/div>\n\t\t\t\t<\/div>\n\t\t<div class=\"elementor-element elementor-element-14b4600 e-con-full e-flex e-con e-parent\" data-id=\"14b4600\" data-element_type=\"container\" data-e-type=\"container\">\n\t\t<div class=\"elementor-element elementor-element-53c73be e-con-full e-flex e-con e-child\" data-id=\"53c73be\" data-element_type=\"container\" data-e-type=\"container\">\n\t\t\t\t<div class=\"elementor-element elementor-element-70eebd5 elementor-widget elementor-widget-heading\" data-id=\"70eebd5\" data-element_type=\"widget\" data-e-type=\"widget\" data-widget_type=\"heading.default\">\n\t\t\t\t<div class=\"elementor-widget-container\">\n\t\t\t\t\t<h2 class=\"elementor-heading-title elementor-size-default\">Antonio Loy \u2013 Experiencia Legal y Gesti\u00f3n Inmobiliaria con una Visi\u00f3n Internacional<\/h2>\t\t\t\t<\/div>\n\t\t\t\t<\/div>\n\t\t\t\t<div class=\"elementor-element elementor-element-c479bdc elementor-widget elementor-widget-text-editor\" data-id=\"c479bdc\" data-element_type=\"widget\" data-e-type=\"widget\" data-widget_type=\"text-editor.default\">\n\t\t\t\t<div class=\"elementor-widget-container\">\n\t\t\t\t\t\t\t\t\t<p>Antonio Loy es un profesional polifac\u00e9tico con una s\u00f3lida formaci\u00f3n jur\u00eddica y una amplia experiencia en gesti\u00f3n inmobiliaria, conversi\u00f3n de propiedades de lujo, hospitalidad de alto nivel y organizaci\u00f3n de eventos exclusivos. Su carrera lo ha llevado a vivir y trabajar en entornos internacionales, incluyendo Mil\u00e1n, Buenos Aires, Nueva York, Madrid y Londres, desarrollando una perspectiva global y multicultural en los sectores inmobiliario y hotelero.<br>Tras obtener una Licenciatura en Derecho en la Universidad de Mil\u00e1n, con una tesis sobre el tratamiento il\u00edcito de datos en redes sociales, profundiz\u00f3 en temas relacionados con la privacidad y la responsabilidad de los proveedores de servicios online. Su formaci\u00f3n acad\u00e9mica se complement\u00f3 con un programa de intercambio en Buenos Aires, donde estudi\u00f3 derecho internacional y los sistemas jur\u00eddicos de Sudam\u00e9rica.<br>Su experiencia en relaciones internacionales se consolid\u00f3 a\u00fan m\u00e1s con una pasant\u00eda en las Naciones Unidas, dentro de la delegaci\u00f3n italiana, donde adquiri\u00f3 conocimientos sobre din\u00e1micas diplom\u00e1ticas globales y estrategias de gobernanza internacional.<br>Adem\u00e1s, obtuvo un M\u00e1ster de Segundo Nivel en Cibercrimen y Antimonopolio, logrando una doble titulaci\u00f3n en Espa\u00f1a, con especializaci\u00f3n en regulaci\u00f3n de mercados digitales y ciberseguridad.  <\/p><h3>Experiencia en Gesti\u00f3n Inmobiliaria, Conversi\u00f3n de Propiedades de Lujo y Hospitalidad Exclusiva<\/h3><p>Desde 2018, Antonio trabaja activamente en gesti\u00f3n inmobiliaria, enfoc\u00e1ndose en maximizar la rentabilidad y optimizar la experiencia del hu\u00e9sped.<br>En Cagliari, ha dirigido proyectos de conversi\u00f3n de propiedades de lujo, gestionando la compra, renovaci\u00f3n y transformaci\u00f3n de inmuebles antes de ponerlos en el mercado de alquiler. Adem\u00e1s, ha trabajado en la venta de propiedades exclusivas, adquiriendo experiencia directa en proyectos de construcci\u00f3n y rehabilitaci\u00f3n. <br>En Londres, colabor\u00f3 con World Boutique Hotel Awards, donde brind\u00f3 consultor\u00eda legal y servicios de ventas, contribuyendo al crecimiento de la empresa en el sector de la hospitalidad de lujo.<br>Tambi\u00e9n trabaj\u00f3 en marketing digital y ventas para Syncom, desempe\u00f1ando el rol de gerente de mercado para Reino Unido, Espa\u00f1a e Italia, y liderando la expansi\u00f3n en Portugal. <\/p><h3>Secret Guest, Hospitalidad de Lujo y Organizaci\u00f3n de Eventos<\/h3><p>Antonio ha trabajado como Secret Guest para World Boutique Hotel Awards, evaluando hoteles boutique exclusivos a nivel mundial.<br>Paralelamente, ha organizado eventos corporativos y exclusivos, gestionando cada detalle para ofrecer experiencias \u00fanicas y memorables. <\/p><h3>Fotografia, Digital Marketing e Visione Multiculturale<\/h3><p>Parallelamente, Antonio ha coltivato la sua passione per la fotografia e il digital marketing, lavorando come fotografo freelance tra Milano e Londra. Ha collaborato con aziende nei settori food, interior design e turismo, curando strategie di social media marketing per incrementare la visibilit\u00e0 dei brand e migliorare il loro engagement online. <br>Fluente in italiano, inglese e spagnolo, Antonio combina la sua expertise giuridica, la sua esperienza nel property management e il suo know-how nel marketing digitale per offrire soluzioni innovative e strategiche.<br>La sua continua esplorazione di realt\u00e0 internazionali gli ha permesso di sviluppare un approccio multiculturale e dinamico, applicando le migliori pratiche globali alla gestione immobiliare, al posizionamento degli hotel di lusso, alle strategie di marketing e sales e all\u2019organizzazione di eventi esclusivi.<\/p><h3>Antonio Loy: Visi\u00f3n Global para Bienes Ra\u00edces, Hospitalidad de Lujo y Eventos Exclusivos<\/h3><p>Gracias a su amplia trayectoria, Antonio ofrece un enfoque innovador en la gesti\u00f3n de propiedades, inversi\u00f3n inmobiliaria y organizaci\u00f3n de eventos de alto nivel.<\/p>\t\t\t\t\t\t\t\t<\/div>\n\t\t\t\t<\/div>\n\t\t\t\t<div class=\"elementor-element elementor-element-50aeb5c elementor-widget elementor-widget-heading\" data-id=\"50aeb5c\" data-element_type=\"widget\" data-e-type=\"widget\" data-widget_type=\"heading.default\">\n\t\t\t\t<div class=\"elementor-widget-container\">\n\t\t\t\t\t<h5 class=\"elementor-heading-title elementor-size-default\"><a href=\"https:\/\/hblgroup.it\/es\/contactos\/\">Contact me today and let\u2019s make your next holiday a success!<\/a><\/h5>\t\t\t\t<\/div>\n\t\t\t\t<\/div>\n\t\t\t\t<\/div>\n\t\t\t\t<\/div>\n\t\t<div class=\"elementor-element elementor-element-00a0b20 e-flex e-con-boxed e-con e-parent\" data-id=\"00a0b20\" data-element_type=\"container\" data-e-type=\"container\" data-settings=\"{&quot;background_background&quot;:&quot;classic&quot;}\">\n\t\t\t\t\t<div class=\"e-con-inner\">\n\t\t<div class=\"elementor-element elementor-element-572aacd e-con-full e-flex e-con e-child\" data-id=\"572aacd\" data-element_type=\"container\" data-e-type=\"container\">\n\t\t\t\t<div class=\"elementor-element elementor-element-01e3924 elementor-view-default elementor-widget elementor-widget-icon\" data-id=\"01e3924\" data-element_type=\"widget\" data-e-type=\"widget\" data-widget_type=\"icon.default\">\n\t\t\t\t<div class=\"elementor-widget-container\">\n\t\t\t\t\t\t\t<div class=\"elementor-icon-wrapper\">\n\t\t\t<div class=\"elementor-icon\">\n\t\t\t<svg aria-hidden=\"true\" class=\"e-font-icon-svg e-fas-quote-right\" viewBox=\"0 0 512 512\" xmlns=\"http:\/\/www.w3.org\/2000\/svg\"><path d=\"M464 32H336c-26.5 0-48 21.5-48 48v128c0 26.5 21.5 48 48 48h80v64c0 35.3-28.7 64-64 64h-8c-13.3 0-24 10.7-24 24v48c0 13.3 10.7 24 24 24h8c88.4 0 160-71.6 160-160V80c0-26.5-21.5-48-48-48zm-288 0H48C21.5 32 0 53.5 0 80v128c0 26.5 21.5 48 48 48h80v64c0 35.3-28.7 64-64 64h-8c-13.3 0-24 10.7-24 24v48c0 13.3 10.7 24 24 24h8c88.4 0 160-71.6 160-160V80c0-26.5-21.5-48-48-48z\"><\/path><\/svg>\t\t\t<\/div>\n\t\t<\/div>\n\t\t\t\t\t\t<\/div>\n\t\t\t\t<\/div>\n\t\t\t\t<div class=\"elementor-element elementor-element-fe5810a elementor-testimonial--skin-default elementor-testimonial--layout-image_inline elementor-testimonial--align-center elementor-pagination-type-bullets elementor-widget elementor-widget-testimonial-carousel\" data-id=\"fe5810a\" data-element_type=\"widget\" data-e-type=\"widget\" data-settings=\"{&quot;slides_per_view&quot;:&quot;1&quot;,&quot;slides_to_scroll&quot;:&quot;1&quot;,&quot;pagination&quot;:&quot;bullets&quot;,&quot;speed&quot;:500,&quot;autoplay&quot;:&quot;yes&quot;,&quot;autoplay_speed&quot;:5000,&quot;loop&quot;:&quot;yes&quot;,&quot;pause_on_hover&quot;:&quot;yes&quot;,&quot;pause_on_interaction&quot;:&quot;yes&quot;,&quot;space_between&quot;:{&quot;unit&quot;:&quot;px&quot;,&quot;size&quot;:10,&quot;sizes&quot;:[]},&quot;space_between_tablet&quot;:{&quot;unit&quot;:&quot;px&quot;,&quot;size&quot;:10,&quot;sizes&quot;:[]},&quot;space_between_mobile&quot;:{&quot;unit&quot;:&quot;px&quot;,&quot;size&quot;:10,&quot;sizes&quot;:[]}}\" data-widget_type=\"testimonial-carousel.default\">\n\t\t\t\t<div class=\"elementor-widget-container\">\n\t\t\t\t\t\t\t\t\t<div class=\"elementor-swiper\">\n\t\t\t\t\t<div class=\"elementor-main-swiper swiper\" role=\"region\" aria-roledescription=\"carousel\" aria-label=\"Slides\">\n\t\t\t\t<div class=\"swiper-wrapper\">\n\t\t\t\t\t\t\t\t\t\t\t<div class=\"swiper-slide\" role=\"group\" aria-roledescription=\"slide\">\n\t\t\t\t\t\t\t\t\t<div class=\"elementor-testimonial\">\n\t\t\t\t\t\t\t<div class=\"elementor-testimonial__content\">\n\t\t\t\t\t<div class=\"elementor-testimonial__text\">\n\t\t\t\t\t\t<p>Antonio was the best! He was very easy to work with and came with awesome energy! <\/p>\n\t\t\t\t\t<\/div>\n\t\t\t\t\t\t\t\t\t<\/div>\n\t\t\t\t\t\t<div class=\"elementor-testimonial__footer\">\n\t\t\t\t\t\t\t\t<cite class=\"elementor-testimonial__cite\"><span class=\"elementor-testimonial__name\">22.04.2019 - Penny &amp; Rahul<\/span><\/cite>\t\t\t<\/div>\n\t\t<\/div>\n\t\t\t\t\t\t\t\t<\/div>\n\t\t\t\t\t\t\t\t\t\t\t<div class=\"swiper-slide\" role=\"group\" aria-roledescription=\"slide\">\n\t\t\t\t\t\t\t\t\t<div class=\"elementor-testimonial\">\n\t\t\t\t\t\t\t<div class=\"elementor-testimonial__content\">\n\t\t\t\t\t<div class=\"elementor-testimonial__text\">\n\t\t\t\t\t\t<p>\"Our experience with Antonio was wonderful from the start. He has great attention to detail and is extremely professional.\"<\/p>\n\t\t\t\t\t<\/div>\n\t\t\t\t\t\t\t\t\t<\/div>\n\t\t\t\t\t\t<div class=\"elementor-testimonial__footer\">\n\t\t\t\t\t\t\t\t<cite class=\"elementor-testimonial__cite\"><span class=\"elementor-testimonial__name\">10.08.2018 - Sophie Adamson<\/span><\/cite>\t\t\t<\/div>\n\t\t<\/div>\n\t\t\t\t\t\t\t\t<\/div>\n\t\t\t\t\t\t\t\t\t\t\t<div class=\"swiper-slide\" role=\"group\" aria-roledescription=\"slide\">\n\t\t\t\t\t\t\t\t\t<div class=\"elementor-testimonial\">\n\t\t\t\t\t\t\t<div class=\"elementor-testimonial__content\">\n\t\t\t\t\t<div class=\"elementor-testimonial__text\">\n\t\t\t\t\t\t<p>\"Antonio was amazing to work with and made our experience so enjoyable.\" <\/p>\n\t\t\t\t\t<\/div>\n\t\t\t\t\t\t\t\t\t<\/div>\n\t\t\t\t\t\t<div class=\"elementor-testimonial__footer\">\n\t\t\t\t\t\t\t\t<cite class=\"elementor-testimonial__cite\"><span class=\"elementor-testimonial__name\">08.10.2019 - Enrique Higgs<\/span><\/cite>\t\t\t<\/div>\n\t\t<\/div>\n\t\t\t\t\t\t\t\t<\/div>\n\t\t\t\t\t\t\t\t\t<\/div>\n\t\t\t\t\t\t\t\t\t\t\t\t\t\t\t\t\t\t\t\t<div class=\"swiper-pagination\"><\/div>\n\t\t\t\t\t\t\t\t\t\t\t\t<\/div>\n\t\t\t\t<\/div>\n\t\t\t\t\t\t\t\t<\/div>\n\t\t\t\t<\/div>\n\t\t\t\t<\/div>\n\t\t\t\t\t<\/div>\n\t\t\t\t<\/div>\n\t\t\t\t<\/div>\n\t\t","protected":false},"excerpt":{"rendered":"<p>About Antonio Loy \u2013 Experiencia Legal y Gesti\u00f3n Inmobiliaria con una Visi\u00f3n Internacional Antonio Loy es un profesional polifac\u00e9tico con una s\u00f3lida formaci\u00f3n jur\u00eddica y una amplia experiencia en gesti\u00f3n inmobiliaria, conversi\u00f3n de propiedades de lujo, hospitalidad de alto nivel y organizaci\u00f3n de eventos exclusivos. Su carrera lo ha llevado a vivir y trabajar en [&hellip;]<\/p>\n","protected":false},"author":1,"featured_media":2759,"parent":0,"menu_order":0,"comment_status":"closed","ping_status":"closed","template":"elementor_header_footer","meta":{"_acf_changed":false,"footnotes":""},"class_list":["post-3392","page","type-page","status-publish","has-post-thumbnail","hentry"],"acf":[],"_links":{"self":[{"href":"https:\/\/hblgroup.it\/es\/wp-json\/wp\/v2\/pages\/3392","targetHints":{"allow":["GET"]}}],"collection":[{"href":"https:\/\/hblgroup.it\/es\/wp-json\/wp\/v2\/pages"}],"about":[{"href":"https:\/\/hblgroup.it\/es\/wp-json\/wp\/v2\/types\/page"}],"author":[{"embeddable":true,"href":"https:\/\/hblgroup.it\/es\/wp-json\/wp\/v2\/users\/1"}],"replies":[{"embeddable":true,"href":"https:\/\/hblgroup.it\/es\/wp-json\/wp\/v2\/comments?post=3392"}],"version-history":[{"count":4,"href":"https:\/\/hblgroup.it\/es\/wp-json\/wp\/v2\/pages\/3392\/revisions"}],"predecessor-version":[{"id":4397,"href":"https:\/\/hblgroup.it\/es\/wp-json\/wp\/v2\/pages\/3392\/revisions\/4397"}],"wp:featuredmedia":[{"embeddable":true,"href":"https:\/\/hblgroup.it\/es\/wp-json\/wp\/v2\/media\/2759"}],"wp:attachment":[{"href":"https:\/\/hblgroup.it\/es\/wp-json\/wp\/v2\/media?parent=3392"}],"curies":[{"name":"wp","href":"https:\/\/api.w.org\/{rel}","templated":true}]}}