{"id":3408,"date":"2022-04-14T11:49:29","date_gmt":"2022-04-14T09:49:29","guid":{"rendered":"https:\/\/hblgroup.it\/privacy-policy\/"},"modified":"2026-02-09T18:18:13","modified_gmt":"2026-02-09T17:18:13","slug":"privacy-policy","status":"publish","type":"page","link":"https:\/\/hblgroup.it\/es\/privacy-policy\/","title":{"rendered":"Privacy Policy"},"content":{"rendered":"\t\t<div data-elementor-type=\"wp-page\" data-elementor-id=\"3408\" class=\"elementor elementor-3408 elementor-3\" data-elementor-post-type=\"page\">\n\t\t\t\t<div class=\"elementor-element elementor-element-28dc1546 e-flex e-con-boxed e-con e-parent\" data-id=\"28dc1546\" data-element_type=\"container\" data-e-type=\"container\" data-settings=\"{&quot;background_background&quot;:&quot;classic&quot;}\">\n\t\t\t\t\t<div class=\"e-con-inner\">\n\t\t\t\t\t<\/div>\n\t\t\t\t<\/div>\n\t\t<div class=\"elementor-element elementor-element-63afc442 e-con-full e-flex e-con e-parent\" data-id=\"63afc442\" data-element_type=\"container\" data-e-type=\"container\" data-settings=\"{&quot;background_background&quot;:&quot;classic&quot;}\">\n\t\t<div class=\"elementor-element elementor-element-2febf450 e-con-full e-flex e-con e-child\" data-id=\"2febf450\" data-element_type=\"container\" data-e-type=\"container\">\n\t\t\t\t<div class=\"elementor-element elementor-element-4fd84e6d elementor-widget elementor-widget-heading\" data-id=\"4fd84e6d\" data-element_type=\"widget\" data-e-type=\"widget\" data-widget_type=\"heading.default\">\n\t\t\t\t<div class=\"elementor-widget-container\">\n\t\t\t\t\t<h1 class=\"elementor-heading-title elementor-size-default\">Privacy Policy<\/h1>\t\t\t\t<\/div>\n\t\t\t\t<\/div>\n\t\t\t\t<\/div>\n\t\t\t\t<\/div>\n\t\t<div class=\"elementor-element elementor-element-480493c5 e-con-full e-flex e-con e-parent\" data-id=\"480493c5\" data-element_type=\"container\" data-e-type=\"container\">\n\t\t<div class=\"elementor-element elementor-element-288c1261 e-con-full e-flex e-con e-child\" data-id=\"288c1261\" data-element_type=\"container\" data-e-type=\"container\">\n\t\t\t\t<div class=\"elementor-element elementor-element-5dc0c807 elementor-widget elementor-widget-heading\" data-id=\"5dc0c807\" data-element_type=\"widget\" data-e-type=\"widget\" data-widget_type=\"heading.default\">\n\t\t\t\t<div class=\"elementor-widget-container\">\n\t\t\t\t\t<h2 class=\"elementor-heading-title elementor-size-default\">Pol\u00edtica de gesti\u00f3n de datos personales<\/h2>\t\t\t\t<\/div>\n\t\t\t\t<\/div>\n\t\t\t\t<div class=\"elementor-element elementor-element-73a065d elementor-widget elementor-widget-text-editor\" data-id=\"73a065d\" data-element_type=\"widget\" data-e-type=\"widget\" data-widget_type=\"text-editor.default\">\n\t\t\t\t<div class=\"elementor-widget-container\">\n\t\t\t\t\t\t\t\t\t<p>En cumplimiento del Decreto Legislativo 30 de junio de 2003 n. 196 (C\u00f3digo de Protecci\u00f3n de Datos Personales) y modificaciones posteriores, y RGPD \u2013 Art. 13 y 14 del Reglamento UE 2016\/679, de 27 de abril de 2016, este sitio respeta y protege la privacidad de los visitantes y usuarios. <\/p><p>Esta pol\u00edtica de privacidad se aplica exclusivamente a las actividades en l\u00ednea de este sitio y es v\u00e1lida para los visitantes\/usuarios del sitio. No se aplica a la informaci\u00f3n recopilada a trav\u00e9s de canales distintos a este sitio web. En cumplimiento de las obligaciones derivadas de la legislaci\u00f3n nacional y comunitaria en materia de protecci\u00f3n de datos personales, este sitio respeta y protege la privacidad de los visitantes y usuarios.  <\/p><p>Benepl\u00e1cito<br>Al utilizar o consultar este sitio, los visitantes y usuarios aprueban expl\u00edcitamente esta Pol\u00edtica de Privacidad y consienten el uso de sus datos personales en relaci\u00f3n con los m\u00e9todos y fines descritos a continuaci\u00f3n.<\/p>\t\t\t\t\t\t\t\t<\/div>\n\t\t\t\t<\/div>\n\t\t\t\t<div class=\"elementor-element elementor-element-4d0c40a elementor-widget elementor-widget-heading\" data-id=\"4d0c40a\" data-element_type=\"widget\" data-e-type=\"widget\" data-widget_type=\"heading.default\">\n\t\t\t\t<div class=\"elementor-widget-container\">\n\t\t\t\t\t<h3 class=\"elementor-heading-title elementor-size-default\">1 - Datos recopilados y finalidades<\/h3>\t\t\t\t<\/div>\n\t\t\t\t<\/div>\n\t\t\t\t<div class=\"elementor-element elementor-element-71b500c elementor-widget elementor-widget-text-editor\" data-id=\"71b500c\" data-element_type=\"widget\" data-e-type=\"widget\" data-widget_type=\"text-editor.default\">\n\t\t\t\t<div class=\"elementor-widget-container\">\n\t\t\t\t\t\t\t\t\t<p>Como todos los sitios web, este sitio tambi\u00e9n utiliza archivos de registro en los que se almacena informaci\u00f3n recopilada autom\u00e1ticamente durante las visitas de los usuarios. La informaci\u00f3n recopilada puede ser la siguiente: <\/p><ul><li>direcci\u00f3n de protocolo de Internet (IP);<\/li><li>tipo de navegador y par\u00e1metros del dispositivo utilizado para conectarse al sitio;<\/li><li>nombre del proveedor de servicios de Internet (ISP);<\/li><li>fecha y hora de la visita;<\/li><li>p\u00e1gina web de la que provino el visitante (referencia) y sali\u00f3;<\/li><li>posiblemente el n\u00famero de clics.<\/li><\/ul><p> <\/p><p>La informaci\u00f3n descrita se procesa de forma automatizada y se recopila de forma exclusivamente agregada con el fin de verificar el correcto funcionamiento del sitio.<br>Ninguna de esta informaci\u00f3n est\u00e1 relacionada con la persona f\u00edsica-usuaria del sitio, y no permite su identificaci\u00f3n de ninguna manera.<br>Por motivos de seguridad (filtros antispam, firewalls, detecci\u00f3n de virus), los datos registrados autom\u00e1ticamente podr\u00e1n incluir tambi\u00e9n datos personales como la direcci\u00f3n IP, que podr\u00edan ser utilizados, de conformidad con la legislaci\u00f3n vigente en la materia, para bloquear intentos de da\u00f1ar el propio sitio o causar da\u00f1os a otros usuarios, o en cualquier caso actividades da\u00f1inas o delictivas. Dichos datos nunca se utilizan para la identificaci\u00f3n o elaboraci\u00f3n de perfiles del usuario, sino \u00fanicamente para la protecci\u00f3n del sitio y de sus usuarios. <\/p><p>Si el sitio permite la inserci\u00f3n de comentarios, o en el caso de servicios espec\u00edficos solicitados por el usuario, el sitio detecta y registra autom\u00e1ticamente algunos datos identificativos del usuario, incluida la direcci\u00f3n de correo electr\u00f3nico. Dichos datos estar\u00e1n destinados a ser facilitados voluntariamente por el usuario en el momento de la prestaci\u00f3n del servicio. Al introducir un comentario u otra informaci\u00f3n, el usuario acepta expresamente la pol\u00edtica de privacidad, y en particular consiente que los contenidos introducidos puedan ser distribuidos libremente a terceros.<br>Los datos recibidos ser\u00e1n utilizados exclusivamente para la prestaci\u00f3n del servicio solicitado y s\u00f3lo durante el tiempo necesario para prestar el servicio, no pudiendo en ning\u00fan caso superar los 5 a\u00f1os.<br>La informaci\u00f3n que los usuarios del sitio consideren hacer p\u00fablica a trav\u00e9s de los servicios y herramientas puestos a su disposici\u00f3n, son proporcionados por el usuario de forma consciente y voluntaria, eximiendo a este sitio de cualquier responsabilidad respecto a posibles infracciones de las leyes. Depende del usuario verificar que tiene permiso para ingresar datos personales de terceros o contenidos protegidos por la normativa nacional e internacional.   <\/p><p>Los datos recogidos por el sitio durante su funcionamiento se utilizan exclusivamente para los fines indicados anteriormente y se almacenan durante el tiempo estrictamente necesario para llevar a cabo las actividades especificadas, por un periodo m\u00e1ximo de 5 a\u00f1os.<br>En cualquier caso, los datos recogidos por el sitio nunca ser\u00e1n facilitados a terceros, por ning\u00fan motivo, salvo petici\u00f3n leg\u00edtima de la autoridad judicial y s\u00f3lo en los casos previstos por la ley.<\/p><p>Los datos recopilados por el sitio son tratados en la sede del Responsable del Tratamiento.<\/p>\t\t\t\t\t\t\t\t<\/div>\n\t\t\t\t<\/div>\n\t\t\t\t<div class=\"elementor-element elementor-element-9faef4f elementor-widget elementor-widget-heading\" data-id=\"9faef4f\" data-element_type=\"widget\" data-e-type=\"widget\" data-widget_type=\"heading.default\">\n\t\t\t\t<div class=\"elementor-widget-container\">\n\t\t\t\t\t<h3 class=\"elementor-heading-title elementor-size-default\">2 - Cookies<\/h3>\t\t\t\t<\/div>\n\t\t\t\t<\/div>\n\t\t\t\t<div class=\"elementor-element elementor-element-9e6e204 elementor-widget elementor-widget-text-editor\" data-id=\"9e6e204\" data-element_type=\"widget\" data-e-type=\"widget\" data-widget_type=\"text-editor.default\">\n\t\t\t\t<div class=\"elementor-widget-container\">\n\t\t\t\t\t\t\t\t\tVisita nuestra <a href=\"https:\/\/hblgroup.it\/es\/cookie-policy\/\">Pol\u00edtica de Cookies<\/a> para obtener informaci\u00f3n detallada sobre c\u00f3mo administrar las cookies de este sitio web.\t\t\t\t\t\t\t\t<\/div>\n\t\t\t\t<\/div>\n\t\t\t\t<div class=\"elementor-element elementor-element-0b233b0 elementor-widget elementor-widget-heading\" data-id=\"0b233b0\" data-element_type=\"widget\" data-e-type=\"widget\" data-widget_type=\"heading.default\">\n\t\t\t\t<div class=\"elementor-widget-container\">\n\t\t\t\t\t<h3 class=\"elementor-heading-title elementor-size-default\">3 - Medidas de seguridad<\/h3>\t\t\t\t<\/div>\n\t\t\t\t<\/div>\n\t\t\t\t<div class=\"elementor-element elementor-element-f3f6384 elementor-widget elementor-widget-text-editor\" data-id=\"f3f6384\" data-element_type=\"widget\" data-e-type=\"widget\" data-widget_type=\"text-editor.default\">\n\t\t\t\t<div class=\"elementor-widget-container\">\n\t\t\t\t\t\t\t\t\t<p>Este sitio procesa los datos de los usuarios de forma l\u00edcita y correcta, adoptando medidas de seguridad adecuadas para evitar el acceso no autorizado, la divulgaci\u00f3n, la modificaci\u00f3n o la destrucci\u00f3n no autorizada de los datos. El tratamiento se realiza mediante herramientas inform\u00e1ticas y\/o telem\u00e1ticas, con modalidades organizativas y con l\u00f3gica estrictamente relacionada con las finalidades indicadas. Adem\u00e1s del propietario, en algunos casos, pueden tener acceso a los datos categor\u00edas de personas involucradas en la organizaci\u00f3n del sitio (administrativos, comerciales, de marketing, legales, administradores de sistema) o sujetos externos (como proveedores de servicios t\u00e9cnicos de terceros, correos, proveedores de hosting, empresas de TI, agencias de comunicaci\u00f3n).  <\/p>\t\t\t\t\t\t\t\t<\/div>\n\t\t\t\t<\/div>\n\t\t\t\t<div class=\"elementor-element elementor-element-ba8c33c elementor-widget elementor-widget-heading\" data-id=\"ba8c33c\" data-element_type=\"widget\" data-e-type=\"widget\" data-widget_type=\"heading.default\">\n\t\t\t\t<div class=\"elementor-widget-container\">\n\t\t\t\t\t<h3 class=\"elementor-heading-title elementor-size-default\">4 - Derechos de usuario<\/h3>\t\t\t\t<\/div>\n\t\t\t\t<\/div>\n\t\t\t\t<div class=\"elementor-element elementor-element-2c566be elementor-widget elementor-widget-text-editor\" data-id=\"2c566be\" data-element_type=\"widget\" data-e-type=\"widget\" data-widget_type=\"text-editor.default\">\n\t\t\t\t<div class=\"elementor-widget-container\">\n\t\t\t\t\t\t\t\t\t<p>Los usuarios (interesados \u200b\u200ben el tratamiento) tienen derecho en cualquier momento a obtener la confirmaci\u00f3n de la existencia o no de datos que les conciernen, a conocer su contenido y origen, a verificar su exactitud o solicitar su integraci\u00f3n, cancelaci\u00f3n, actualizaci\u00f3n, rectificaci\u00f3n, transformaci\u00f3n en forma an\u00f3nima o bloqueo de los datos tratados en violaci\u00f3n de la ley, as\u00ed como a oponerse en cualquier caso, por motivos leg\u00edtimos, a su tratamiento, y en cualquier caso tienen todos los derechos especificados en el art. 7 del C\u00f3digo de Privacidad. <\/p>\t\t\t\t\t\t\t\t<\/div>\n\t\t\t\t<\/div>\n\t\t\t\t<div class=\"elementor-element elementor-element-2aa6a32 elementor-widget elementor-widget-heading\" data-id=\"2aa6a32\" data-element_type=\"widget\" data-e-type=\"widget\" data-widget_type=\"heading.default\">\n\t\t\t\t<div class=\"elementor-widget-container\">\n\t\t\t\t\t<h3 class=\"elementor-heading-title elementor-size-default\">5 - Responsable del tratamiento de datos<\/h3>\t\t\t\t<\/div>\n\t\t\t\t<\/div>\n\t\t\t\t<div class=\"elementor-element elementor-element-ee3830d elementor-widget elementor-widget-text-editor\" data-id=\"ee3830d\" data-element_type=\"widget\" data-e-type=\"widget\" data-widget_type=\"text-editor.default\">\n\t\t\t\t<div class=\"elementor-widget-container\">\n\t\t\t\t\t\t\t\t\tEl responsable del tratamiento de datos seg\u00fan la legislaci\u00f3n vigente es Antonio Loy, con quien se puede contactar mediante correo electr\u00f3nico a la direcci\u00f3n info@hblgroup.it\t\t\t\t\t\t\t\t<\/div>\n\t\t\t\t<\/div>\n\t\t\t\t<div class=\"elementor-element elementor-element-50e065c elementor-widget elementor-widget-heading\" data-id=\"50e065c\" data-element_type=\"widget\" data-e-type=\"widget\" data-widget_type=\"heading.default\">\n\t\t\t\t<div class=\"elementor-widget-container\">\n\t\t\t\t\t<h3 class=\"elementor-heading-title elementor-size-default\">6 - Actualizaciones<\/h3>\t\t\t\t<\/div>\n\t\t\t\t<\/div>\n\t\t\t\t<div class=\"elementor-element elementor-element-b930b78 elementor-widget elementor-widget-text-editor\" data-id=\"b930b78\" data-element_type=\"widget\" data-e-type=\"widget\" data-widget_type=\"text-editor.default\">\n\t\t\t\t<div class=\"elementor-widget-container\">\n\t\t\t\t\t\t\t\t\t<p>Esta Pol\u00edtica de Privacidad se actualiza al 9 de febrero de 2026.<\/p>\t\t\t\t\t\t\t\t<\/div>\n\t\t\t\t<\/div>\n\t\t\t\t<\/div>\n\t\t\t\t<\/div>\n\t\t\t\t<\/div>\n\t\t","protected":false},"excerpt":{"rendered":"<p>Privacy Policy Pol\u00edtica de gesti\u00f3n de datos personales En cumplimiento del Decreto Legislativo 30 de junio de 2003 n. 196 (C\u00f3digo de Protecci\u00f3n de Datos Personales) y modificaciones posteriores, y RGPD \u2013 Art. 13 y 14 del Reglamento UE 2016\/679, de 27 de abril de 2016, este sitio respeta y protege la privacidad de los [&hellip;]<\/p>\n","protected":false},"author":1,"featured_media":0,"parent":0,"menu_order":0,"comment_status":"closed","ping_status":"open","template":"elementor_header_footer","meta":{"_acf_changed":false,"footnotes":""},"class_list":["post-3408","page","type-page","status-publish","hentry"],"acf":[],"_links":{"self":[{"href":"https:\/\/hblgroup.it\/es\/wp-json\/wp\/v2\/pages\/3408","targetHints":{"allow":["GET"]}}],"collection":[{"href":"https:\/\/hblgroup.it\/es\/wp-json\/wp\/v2\/pages"}],"about":[{"href":"https:\/\/hblgroup.it\/es\/wp-json\/wp\/v2\/types\/page"}],"author":[{"embeddable":true,"href":"https:\/\/hblgroup.it\/es\/wp-json\/wp\/v2\/users\/1"}],"replies":[{"embeddable":true,"href":"https:\/\/hblgroup.it\/es\/wp-json\/wp\/v2\/comments?post=3408"}],"version-history":[{"count":4,"href":"https:\/\/hblgroup.it\/es\/wp-json\/wp\/v2\/pages\/3408\/revisions"}],"predecessor-version":[{"id":4467,"href":"https:\/\/hblgroup.it\/es\/wp-json\/wp\/v2\/pages\/3408\/revisions\/4467"}],"wp:attachment":[{"href":"https:\/\/hblgroup.it\/es\/wp-json\/wp\/v2\/media?parent=3408"}],"curies":[{"name":"wp","href":"https:\/\/api.w.org\/{rel}","templated":true}]}}