{"id":3421,"date":"2023-02-21T18:45:34","date_gmt":"2023-02-21T17:45:34","guid":{"rendered":"https:\/\/hblgroup.it\/terminos-y-condiciones\/"},"modified":"2026-02-09T16:49:31","modified_gmt":"2026-02-09T15:49:31","slug":"terminos-y-condiciones","status":"publish","type":"page","link":"https:\/\/hblgroup.it\/es\/terminos-y-condiciones\/","title":{"rendered":"T\u00e9rminos y condiciones"},"content":{"rendered":"\t\t<div data-elementor-type=\"wp-page\" data-elementor-id=\"3421\" class=\"elementor elementor-3421 elementor-887\" data-elementor-post-type=\"page\">\n\t\t\t\t<div class=\"elementor-element elementor-element-5788ce86 e-flex e-con-boxed e-con e-parent\" data-id=\"5788ce86\" data-element_type=\"container\" data-e-type=\"container\" data-settings=\"{&quot;background_background&quot;:&quot;classic&quot;}\">\n\t\t\t\t\t<div class=\"e-con-inner\">\n\t\t\t\t\t<\/div>\n\t\t\t\t<\/div>\n\t\t<div class=\"elementor-element elementor-element-4d670685 e-con-full e-flex e-con e-parent\" data-id=\"4d670685\" data-element_type=\"container\" data-e-type=\"container\" data-settings=\"{&quot;background_background&quot;:&quot;classic&quot;}\">\n\t\t<div class=\"elementor-element elementor-element-289dacab e-con-full e-flex e-con e-child\" data-id=\"289dacab\" data-element_type=\"container\" data-e-type=\"container\">\n\t\t\t\t<div class=\"elementor-element elementor-element-65a7b53a elementor-widget elementor-widget-heading\" data-id=\"65a7b53a\" data-element_type=\"widget\" data-e-type=\"widget\" data-widget_type=\"heading.default\">\n\t\t\t\t<div class=\"elementor-widget-container\">\n\t\t\t\t\t<h1 class=\"elementor-heading-title elementor-size-default\">T\u00e9rminos y condiciones<\/h1>\t\t\t\t<\/div>\n\t\t\t\t<\/div>\n\t\t\t\t<\/div>\n\t\t\t\t<\/div>\n\t\t<div class=\"elementor-element elementor-element-6859e3fb e-con-full e-flex e-con e-parent\" data-id=\"6859e3fb\" data-element_type=\"container\" data-e-type=\"container\">\n\t\t<div class=\"elementor-element elementor-element-190ffe92 e-con-full e-flex e-con e-child\" data-id=\"190ffe92\" data-element_type=\"container\" data-e-type=\"container\">\n\t\t\t\t<div class=\"elementor-element elementor-element-513b192f elementor-widget elementor-widget-text-editor\" data-id=\"513b192f\" data-element_type=\"widget\" data-e-type=\"widget\" data-widget_type=\"text-editor.default\">\n\t\t\t\t<div class=\"elementor-widget-container\">\n\t\t\t\t\t\t\t\t\t<p>Check-in gratuito in presenza dalle 14 alle 22.<br>Pula: Check-in dalle 14:30 alle 20.<br>Il self check-in \u00e8 sempre gratuito a condizione che vengano comunicati almeno 24 ore prima i dettagli dei documenti di tutti gli ospiti presenti nella prenotazione e che venga pagata la tassa di soggiorno tramite apposito link di pagamento.<br>Alla prenotazione assieme agli orari di arrivo e partenza dovranno essere comunicate le eventuali preferenze per la disposizione dei letti. Eventuali cambi durante il check-in comporteranno delle maggiorazioni di prezzo e non verr\u00e0 garantito l\u2019intervento immediato. Costo su cagliari 20 euro, Santa Margherita e altrove 40 euro.<br>Check-out alle h 11:00  <\/p><p>Se aplican las siguientes tarifas por llegada tard\u00eda presencial: de 22:00 a 00:00: 25 \u20ac en el centro de Cagliari y 50 \u20ac en otros lugares.<br>De 00:00 a 04:00: 40 \u20ac en el centro de Cagliari y 80 \u20ac en otros lugares.<\/p><p>En todo caso, las entradas posteriores a las 22:00 horas deber\u00e1n acordarse con al menos 24 horas de antelaci\u00f3n con el establecimiento y, especialmente, aquellas posteriores a las 00:00 horas deber\u00e1n ser autorizadas.<\/p><p>Llamadas de asistencia: Si la llamada no se debe a un problema con las instalaciones sino a un descuido del cliente (como dejar las llaves dentro de las instalaciones), se cobrar\u00e1 una tarifa de llamada de 50,00 \u20ac en Cagliari y 100,00 \u20ac en otros lugares.<\/p><p>La reposici\u00f3n de tarjetas perdidas en Cagliari cuesta 30,00\u20ac.<\/p><p>La sustituci\u00f3n de llaves perdidas con mando a distancia o tarjeta fuera de Cagliari cuesta 80,00 \u20ac.<\/p><p>La solicitud de un juego doble de llaves deber\u00e1 realizarse al menos 48 horas antes de la llegada.<\/p><p>La tasa tur\u00edstica en Cagliari es de 1,50 \u20ac al d\u00eda por hu\u00e9sped para un m\u00e1ximo de 5 noches, excluyendo el pago para ni\u00f1os menores de 12 a\u00f1os.<\/p><p>Para Santa Margherita la tasa tur\u00edstica desde el 1 de abril al 31 de octubre es de 0,80 \u20ac por persona y d\u00eda para todo el periodo de estancia.<br>Del 1 de noviembre al 31 de marzo el coste ser\u00e1 de 0,40\u20ac por hu\u00e9sped y noche por cada noche de estancia.<\/p><p>Las llaves no se entregar\u00e1n si el hu\u00e9sped no ha facilitado los datos del documento de identidad al menos 24 horas antes de la llegada.<\/p><p>Disponible bajo petici\u00f3n gu\u00eda tur\u00edstica en tres idiomas: italiano, ingl\u00e9s y espa\u00f1ol.<\/p>\t\t\t\t\t\t\t\t<\/div>\n\t\t\t\t<\/div>\n\t\t\t\t<div class=\"elementor-element elementor-element-2807ea4e elementor-widget elementor-widget-heading\" data-id=\"2807ea4e\" data-element_type=\"widget\" data-e-type=\"widget\" data-widget_type=\"heading.default\">\n\t\t\t\t<div class=\"elementor-widget-container\">\n\t\t\t\t\t<h5 class=\"elementor-heading-title elementor-size-default\"><a href=\"https:\/\/hblgroup.it\/es\/contactos\/\">\u00a1Cont\u00e1ctame para cualquier solicitud de informaci\u00f3n!<\/a><\/h5>\t\t\t\t<\/div>\n\t\t\t\t<\/div>\n\t\t\t\t<\/div>\n\t\t\t\t<\/div>\n\t\t<div class=\"elementor-element elementor-element-116034c1 e-flex e-con-boxed e-con e-parent\" data-id=\"116034c1\" data-element_type=\"container\" data-e-type=\"container\" data-settings=\"{&quot;background_background&quot;:&quot;classic&quot;}\">\n\t\t\t\t\t<div class=\"e-con-inner\">\n\t\t<div class=\"elementor-element elementor-element-52434043 e-con-full e-flex e-con e-child\" data-id=\"52434043\" data-element_type=\"container\" data-e-type=\"container\">\n\t\t\t\t<div class=\"elementor-element elementor-element-5508da5f elementor-view-default elementor-widget elementor-widget-icon\" data-id=\"5508da5f\" data-element_type=\"widget\" data-e-type=\"widget\" data-widget_type=\"icon.default\">\n\t\t\t\t<div class=\"elementor-widget-container\">\n\t\t\t\t\t\t\t<div class=\"elementor-icon-wrapper\">\n\t\t\t<div class=\"elementor-icon\">\n\t\t\t<svg aria-hidden=\"true\" class=\"e-font-icon-svg e-fas-quote-right\" viewBox=\"0 0 512 512\" xmlns=\"http:\/\/www.w3.org\/2000\/svg\"><path d=\"M464 32H336c-26.5 0-48 21.5-48 48v128c0 26.5 21.5 48 48 48h80v64c0 35.3-28.7 64-64 64h-8c-13.3 0-24 10.7-24 24v48c0 13.3 10.7 24 24 24h8c88.4 0 160-71.6 160-160V80c0-26.5-21.5-48-48-48zm-288 0H48C21.5 32 0 53.5 0 80v128c0 26.5 21.5 48 48 48h80v64c0 35.3-28.7 64-64 64h-8c-13.3 0-24 10.7-24 24v48c0 13.3 10.7 24 24 24h8c88.4 0 160-71.6 160-160V80c0-26.5-21.5-48-48-48z\"><\/path><\/svg>\t\t\t<\/div>\n\t\t<\/div>\n\t\t\t\t\t\t<\/div>\n\t\t\t\t<\/div>\n\t\t\t\t<div class=\"elementor-element elementor-element-6a4f66f9 elementor-testimonial--skin-default elementor-testimonial--layout-image_inline elementor-testimonial--align-center elementor-pagination-type-bullets elementor-widget elementor-widget-testimonial-carousel\" data-id=\"6a4f66f9\" data-element_type=\"widget\" data-e-type=\"widget\" data-settings=\"{&quot;slides_per_view&quot;:&quot;1&quot;,&quot;slides_to_scroll&quot;:&quot;1&quot;,&quot;pagination&quot;:&quot;bullets&quot;,&quot;speed&quot;:500,&quot;autoplay&quot;:&quot;yes&quot;,&quot;autoplay_speed&quot;:5000,&quot;loop&quot;:&quot;yes&quot;,&quot;pause_on_hover&quot;:&quot;yes&quot;,&quot;pause_on_interaction&quot;:&quot;yes&quot;,&quot;space_between&quot;:{&quot;unit&quot;:&quot;px&quot;,&quot;size&quot;:10,&quot;sizes&quot;:[]},&quot;space_between_tablet&quot;:{&quot;unit&quot;:&quot;px&quot;,&quot;size&quot;:10,&quot;sizes&quot;:[]},&quot;space_between_mobile&quot;:{&quot;unit&quot;:&quot;px&quot;,&quot;size&quot;:10,&quot;sizes&quot;:[]}}\" data-widget_type=\"testimonial-carousel.default\">\n\t\t\t\t<div class=\"elementor-widget-container\">\n\t\t\t\t\t\t\t\t\t<div class=\"elementor-swiper\">\n\t\t\t\t\t<div class=\"elementor-main-swiper swiper\" role=\"region\" aria-roledescription=\"carousel\" aria-label=\"Slides\">\n\t\t\t\t<div class=\"swiper-wrapper\">\n\t\t\t\t\t\t\t\t\t\t\t<div class=\"swiper-slide\" role=\"group\" aria-roledescription=\"slide\">\n\t\t\t\t\t\t\t\t\t<div class=\"elementor-testimonial\">\n\t\t\t\t\t\t\t<div class=\"elementor-testimonial__content\">\n\t\t\t\t\t<div class=\"elementor-testimonial__text\">\n\t\t\t\t\t\t<p>Antonio was the best! He was very easy to work with and came with awesome energy! <\/p>\n\t\t\t\t\t<\/div>\n\t\t\t\t\t\t\t\t\t<\/div>\n\t\t\t\t\t\t<div class=\"elementor-testimonial__footer\">\n\t\t\t\t\t\t\t\t<cite class=\"elementor-testimonial__cite\"><span class=\"elementor-testimonial__name\">22.04.2019 - Penny &amp; Rahul<\/span><\/cite>\t\t\t<\/div>\n\t\t<\/div>\n\t\t\t\t\t\t\t\t<\/div>\n\t\t\t\t\t\t\t\t\t\t\t<div class=\"swiper-slide\" role=\"group\" aria-roledescription=\"slide\">\n\t\t\t\t\t\t\t\t\t<div class=\"elementor-testimonial\">\n\t\t\t\t\t\t\t<div class=\"elementor-testimonial__content\">\n\t\t\t\t\t<div class=\"elementor-testimonial__text\">\n\t\t\t\t\t\t<p>\"Our experience with Antonio was wonderful from the start. He has great attention to detail and is extremely professional.\"<\/p>\n\t\t\t\t\t<\/div>\n\t\t\t\t\t\t\t\t\t<\/div>\n\t\t\t\t\t\t<div class=\"elementor-testimonial__footer\">\n\t\t\t\t\t\t\t\t<cite class=\"elementor-testimonial__cite\"><span class=\"elementor-testimonial__name\">10.08.2018 - Sophie Adamson<\/span><\/cite>\t\t\t<\/div>\n\t\t<\/div>\n\t\t\t\t\t\t\t\t<\/div>\n\t\t\t\t\t\t\t\t\t\t\t<div class=\"swiper-slide\" role=\"group\" aria-roledescription=\"slide\">\n\t\t\t\t\t\t\t\t\t<div class=\"elementor-testimonial\">\n\t\t\t\t\t\t\t<div class=\"elementor-testimonial__content\">\n\t\t\t\t\t<div class=\"elementor-testimonial__text\">\n\t\t\t\t\t\t<p>\"Antonio was amazing to work with and made our experience so enjoyable.\" <\/p>\n\t\t\t\t\t<\/div>\n\t\t\t\t\t\t\t\t\t<\/div>\n\t\t\t\t\t\t<div class=\"elementor-testimonial__footer\">\n\t\t\t\t\t\t\t\t<cite class=\"elementor-testimonial__cite\"><span class=\"elementor-testimonial__name\">08.10.2019 - Enrique Higgs<\/span><\/cite>\t\t\t<\/div>\n\t\t<\/div>\n\t\t\t\t\t\t\t\t<\/div>\n\t\t\t\t\t\t\t\t\t<\/div>\n\t\t\t\t\t\t\t\t\t\t\t\t\t\t\t\t\t\t\t\t<div class=\"swiper-pagination\"><\/div>\n\t\t\t\t\t\t\t\t\t\t\t\t<\/div>\n\t\t\t\t<\/div>\n\t\t\t\t\t\t\t\t<\/div>\n\t\t\t\t<\/div>\n\t\t\t\t<\/div>\n\t\t\t\t\t<\/div>\n\t\t\t\t<\/div>\n\t\t\t\t<\/div>\n\t\t","protected":false},"excerpt":{"rendered":"<p>T\u00e9rminos y condiciones Check-in gratuito in presenza dalle 14 alle 22.Pula: Check-in dalle 14:30 alle 20.Il self check-in \u00e8 sempre gratuito a condizione che vengano comunicati almeno 24 ore prima i dettagli dei documenti di tutti gli ospiti presenti nella prenotazione e che venga pagata la tassa di soggiorno tramite apposito link di pagamento.Alla prenotazione [&hellip;]<\/p>\n","protected":false},"author":1,"featured_media":2743,"parent":0,"menu_order":0,"comment_status":"closed","ping_status":"closed","template":"elementor_header_footer","meta":{"_acf_changed":false,"footnotes":""},"class_list":["post-3421","page","type-page","status-publish","has-post-thumbnail","hentry"],"acf":[],"_links":{"self":[{"href":"https:\/\/hblgroup.it\/es\/wp-json\/wp\/v2\/pages\/3421","targetHints":{"allow":["GET"]}}],"collection":[{"href":"https:\/\/hblgroup.it\/es\/wp-json\/wp\/v2\/pages"}],"about":[{"href":"https:\/\/hblgroup.it\/es\/wp-json\/wp\/v2\/types\/page"}],"author":[{"embeddable":true,"href":"https:\/\/hblgroup.it\/es\/wp-json\/wp\/v2\/users\/1"}],"replies":[{"embeddable":true,"href":"https:\/\/hblgroup.it\/es\/wp-json\/wp\/v2\/comments?post=3421"}],"version-history":[{"count":5,"href":"https:\/\/hblgroup.it\/es\/wp-json\/wp\/v2\/pages\/3421\/revisions"}],"predecessor-version":[{"id":4424,"href":"https:\/\/hblgroup.it\/es\/wp-json\/wp\/v2\/pages\/3421\/revisions\/4424"}],"wp:featuredmedia":[{"embeddable":true,"href":"https:\/\/hblgroup.it\/es\/wp-json\/wp\/v2\/media\/2743"}],"wp:attachment":[{"href":"https:\/\/hblgroup.it\/es\/wp-json\/wp\/v2\/media?parent=3421"}],"curies":[{"name":"wp","href":"https:\/\/api.w.org\/{rel}","templated":true}]}}